{"id":64,"date":"2020-09-03T00:47:21","date_gmt":"2020-09-02T22:47:21","guid":{"rendered":"http:\/\/wkontekscie.pl\/?page_id=64"},"modified":"2025-03-06T19:42:08","modified_gmt":"2025-03-06T18:42:08","slug":"o-mnie","status":"publish","type":"page","link":"https:\/\/wkontekscie.pl\/?page_id=64","title":{"rendered":"O mnie"},"content":{"rendered":"\n<p>Posiadam tytu\u0142 <a href=\"https:\/\/www.octc.co.uk\/wp-content\/uploads\/2020\/10\/Case-Report-Marking-Criteria-Oct-2020.pdf\">doktor nauk spo\u0142ecznych w zakresie psychologii, jestem certyfikowanym psychoterapeut\u0105 kontekstualno-behawioralnym, certyfikowanym trenerem Treningu Zast\u0119powania Agresji ART, cz\u0142onkiem Komisji Naukowo-Dydaktycznej Association for Contextual Behavior Science Polska oraz Komisji Naukowej Polskiego Stowarzyszenia Terapii Poznawczej i Schematu. Od kilkunastu lat prowadz\u0119 psychoterapi\u0119 indywidualn\u0105 i grupow\u0105 doros\u0142ych i m\u0142odzie\u017cy. W pracy opieram si\u0119 na metodach tzw. trzeciej fali terapii behawioralnej w szczeg\u00f3lno\u015bci Terapii Akceptacji i Zaanga\u017cowania (ACT) Psychoterapii opartej na analizie funkcjonalnej (FAP) oraz koncepcji Wsp\u00f3\u0142czucia. Prowadz\u0119 szkolenia i warsztaty z tej dziedziny, jestem autorem artyku\u0142\u00f3w i wyst\u0105pie\u0144 na konferencjach naukowych oraz wsp\u00f3\u0142autorem publikacji z dziedziny psychoterapii \u201eZaburzania psychiczne i rozwojowe dzieci a szkolna rzeczywisto\u015b\u0107\u201d oraz \u201ePsychoterapia poznawczo-behawioralna dzieci i m\u0142odzie\u017cy\u201d. Prowadz\u0119 i organizuj\u0119 szkolenia w ramach platformy Trzeciafala.pl. Jestem wsp\u00f3\u0142tw\u00f3rc\u0105 Szko\u0142y Psychoterapii Behawioralnie \u2013 pierwszego w Polsce kompleksowego czteroletniego szkolenia w nurtach trzeciofalowych.<\/a><\/p>\n\n\n\n<p><\/p>\n","protected":false},"excerpt":{"rendered":"<p>Posiadam tytu\u0142 doktor nauk spo\u0142ecznych w zakresie psychologii, jestem certyfikowanym psychoterapeut\u0105 kontekstualno-behawioralnym, certyfikowanym trenerem Treningu Zast\u0119powania Agresji ART, cz\u0142onkiem Komisji Naukowo-Dydaktycznej Association for Contextual Behavior Science Polska oraz Komisji Naukowej Polskiego Stowarzyszenia Terapii Poznawczej i Schematu. Od kilkunastu lat prowadz\u0119 psychoterapi\u0119 indywidualn\u0105 i grupow\u0105 doros\u0142ych i m\u0142odzie\u017cy. W pracy opieram si\u0119 na metodach tzw. trzeciej &hellip; <\/p>\n<p class=\"link-more\"><a href=\"https:\/\/wkontekscie.pl\/?page_id=64\" class=\"more-link\">Czytaj dalej<span class=\"screen-reader-text\"> O mnie<\/span><\/a><\/p>\n","protected":false},"author":1,"featured_media":177,"parent":0,"menu_order":0,"comment_status":"closed","ping_status":"closed","template":"","meta":{"footnotes":""},"class_list":["post-64","page","type-page","status-publish","has-post-thumbnail","hentry"],"_links":{"self":[{"href":"https:\/\/wkontekscie.pl\/index.php?rest_route=\/wp\/v2\/pages\/64","targetHints":{"allow":["GET"]}}],"collection":[{"href":"https:\/\/wkontekscie.pl\/index.php?rest_route=\/wp\/v2\/pages"}],"about":[{"href":"https:\/\/wkontekscie.pl\/index.php?rest_route=\/wp\/v2\/types\/page"}],"author":[{"embeddable":true,"href":"https:\/\/wkontekscie.pl\/index.php?rest_route=\/wp\/v2\/users\/1"}],"replies":[{"embeddable":true,"href":"https:\/\/wkontekscie.pl\/index.php?rest_route=%2Fwp%2Fv2%2Fcomments&post=64"}],"version-history":[{"count":11,"href":"https:\/\/wkontekscie.pl\/index.php?rest_route=\/wp\/v2\/pages\/64\/revisions"}],"predecessor-version":[{"id":183,"href":"https:\/\/wkontekscie.pl\/index.php?rest_route=\/wp\/v2\/pages\/64\/revisions\/183"}],"wp:featuredmedia":[{"embeddable":true,"href":"https:\/\/wkontekscie.pl\/index.php?rest_route=\/wp\/v2\/media\/177"}],"wp:attachment":[{"href":"https:\/\/wkontekscie.pl\/index.php?rest_route=%2Fwp%2Fv2%2Fmedia&parent=64"}],"curies":[{"name":"wp","href":"https:\/\/api.w.org\/{rel}","templated":true}]}}